{"id":1744,"date":"2021-11-03T14:09:35","date_gmt":"2021-11-03T13:09:35","guid":{"rendered":"https:\/\/www.privatklinik-ritzensee.at\/careers\/"},"modified":"2025-03-14T12:16:08","modified_gmt":"2025-03-14T11:16:08","slug":"careers","status":"publish","type":"page","link":"https:\/\/www.privatklinik-ritzensee.at\/en\/careers\/","title":{"rendered":"Career"},"content":{"rendered":"<div class=\"lazyblock-image-block-2-10NGkx wp-block-lazyblock-image-block-2\"><div class=\"image-block-2-wrapper container\">\n    <div class=\"image-block-2-inner\">   \n    <img decoding=\"async\" class=\"image-block-2-img-1\" src=\"https:\/\/www.privatklinik-ritzensee.at\/wp-content\/uploads\/2022\/01\/Landschaft-Wiese-1.jpg\" alt=\"Malerische Wiesen mit Blumen und B\u00e4umen unter einem bew\u00f6lkten Himmel im Salzburger Land.\">\n    <img decoding=\"async\" class=\"image-block-2-img-2\" src=\"https:\/\/www.privatklinik-ritzensee.at\/wp-content\/uploads\/2022\/01\/Privatklinik-Luftaufnahme-1.jpg\" alt=\"Luftaufnahme der Privatklinik Ritzensee im malerischen Salzburger Land mit Bergen und Wiesen.\">\n    <\/div>\n<\/div><\/div>\n\n<div class=\"lazyblock-testimonials-12VW4G wp-block-lazyblock-testimonials\"><div class=\"testimonials-wrapper\">\n    <div class=\"testimonials-outer container\">\n        <button class=\"slider-arrows-big slider-arrows-big-prev\">\n            <svg xmlns=\"http:\/\/www.w3.org\/2000\/svg\" viewBox=\"0 0 79.195 23.391\">\n                <path data-name=\"Pfad 226\" d=\"M78.695 11.695h-78\" fill=\"none\" stroke=\"#565f5f\" stroke-linecap=\"round\" \/>\n                <path data-name=\"Pfad 227\" d=\"m.695 11.695 16-11\" fill=\"none\" stroke=\"#565f5f\" stroke-linecap=\"round\" \/>\n                <path data-name=\"Pfad 228\" d=\"m.695 11.695 16 11\" fill=\"none\" stroke=\"#565f5f\" stroke-linecap=\"round\" \/>\n            <\/svg>\n        <\/button>\n        <div class=\"testimonials-inner\">\n            <div class=\"testimonials-headline-wrapper\">\n                <h2 class=\"testimonials-headline\">Mitarbeiterstimmen<\/h2>\n                <svg xmlns=\"http:\/\/www.w3.org\/2000\/svg\" viewBox=\"0 0 139.233 50.336\">\n  <path data-name=\"Pfad 1\" d=\"M21.663 2.477c3.155-.136 5.77-.02 8.573.004 6.73.086 13.83-.06 20.574.01l32.147.014 14.43.007 9.288.004c6.334.066 11.906.176 18.144 2.009a20.39 20.39 0 0 1 13.025 12.432c3.468 10.206-4.09 16.518-12.182 20.43-1.898.91-5.063 1.658-4.66 4.457.358 2.464 2.646 6.457 5.382 6.695 0 0-17.064-1.496-23.074-9.873-7.073-.523-54.542-3.052-59.361-3.358-15.882-1.03-36.102.514-41.65-12.557-1.593-3.708-3.013-7.48-1.56-11.877C2.592 4.972 7.324 2.86 15.949 2.48\" fill=\"#c1bb3a\"\/>\n<\/svg>\n            <\/div>\n            <div class=\"testimonials-slider\">\n                                <div class=\"testimonials-item-wrapper\">\n                    <div class=\"testimonials-item\">\n                        <div class=\"testimonials-text\"><p>Ich arbeite jeden Tag mit Menschen an Menschen. Das begeistert einfach.<\/p><\/div>\n                    <\/div>\n                <\/div>\n                                <div class=\"testimonials-item-wrapper\">\n                    <div class=\"testimonials-item\">\n                        <div class=\"testimonials-text\"><p>Hier werden nicht nur Patienten gut versorgt sondern auch wir Mitarbeiter.<\/p><\/div>\n                    <\/div>\n                <\/div>\n                                <div class=\"testimonials-item-wrapper\">\n                    <div class=\"testimonials-item\">\n                        <div class=\"testimonials-text\"><p>Wir g\u00f6nnen uns t\u00e4glich leistungssteigernde Ausblicke.<\/p><\/div>\n                    <\/div>\n                <\/div>\n                                <div class=\"testimonials-item-wrapper\">\n                    <div class=\"testimonials-item\">\n                        <div class=\"testimonials-text\"><p>Hier hat beides Zukunft. Meine Karriere und meine Familie.<\/p><\/div>\n                    <\/div>\n                <\/div>\n                                <div class=\"testimonials-item-wrapper\">\n                    <div class=\"testimonials-item\">\n                        <div class=\"testimonials-text\"><p>Mein Lieblingsplatz in der PKR. Zimmer mit Seeblick.<\/p><\/div>\n                    <\/div>\n                <\/div>\n                                <div class=\"testimonials-item-wrapper\">\n                    <div class=\"testimonials-item\">\n                        <div class=\"testimonials-text\"><p>W\u00e4hrend der Ausbildung zur Gesundheits- und Krankenpflegerin durften wir ein Praktikum in der Privatklinik Ritzensee absolvieren. Uns ist schnell aufgefallen, wie famili\u00e4r und freundlich der Umgang zwischen den Arbeitskolleg:innen sowie Patient:innen ist. Aufgrund dessen haben wir beide uns dazu entschlossen, ein Teil dieses gro\u00dfartigen Teams zu werden.<\/p><\/div>\n                    <\/div>\n                <\/div>\n                            <\/div>\n        <\/div>\n        <button class=\"slider-arrows-big slider-arrows-big-next\">\n            <svg xmlns=\"http:\/\/www.w3.org\/2000\/svg\" viewBox=\"0 0 78.283 22.824\">\n                <path data-name=\"Pfad 226\" d=\"M0 11.412h78\" fill=\"none\" stroke=\"#565f5f\" stroke-linecap=\"round\" \/>\n                <path data-name=\"Pfad 227\" d=\"m78 11.412-16 11\" fill=\"none\" stroke=\"#565f5f\" stroke-linecap=\"round\" \/>\n                <path data-name=\"Pfad 228\" d=\"m78 11.412-16-11\" fill=\"none\" stroke=\"#565f5f\" stroke-linecap=\"round\" \/>\n            <\/svg>\n        <\/button>\n    <\/div>\n<\/div><\/div>\n\n<div class=\"lazyblock-jobs-Z1amL9L wp-block-lazyblock-jobs\"><div class=\"jobs-wrapper container\">\n    <h2 class=\"jobs-headline\">Offene Stellen<\/h2>\n    <div class=\"jobs-inner\">\n        <div class=\"jobs-benefits-wrapper accordion-wrapper\">\n            <h3 class=\"jobs-benefits-title accordion-title\">Benefits<\/h3>\n            <div class=\"jobs-benefits-description accordion-content\"><p>Als eine der renommiertesten Privatkliniken in \u00d6sterreich setzt die Privatklinik Ritzensee seit jeher Standards. Dieser hohe Qualit\u00e4tsanspruch wird auch bei den Mitarbeiterangeboten gelebt. Erlebe die Vielfalt von Saalfelden mit all deinen Sinnen. Famili\u00e4r arbeiten, im motivierten Team, in attraktiven und flexiblen Arbeitszeitmodellen &#8211; im professionellen Klinikbetrieb. Privat Energie tanken am Berg, im Tal und in der Stadt Saalfelden.<\/p><\/div>\n        <\/div>\n        <div class=\"jobs-text-right\">\n            <h3 class=\"jobs-text-right-title\">INITIATIVBEWERBUNGEN an die Privatklinik Ritzensee<\/h3>\n            <div class=\"jobs-text-right-description\"><p>Interessierte Arbeitnehmer:innen k\u00f6nnen gerne jederzeit eine aussagekr\u00e4ftige Initiativbewerbung schicken. Was bewegt Sie dazu, genau bei uns arbeiten zu wollen? Welche Eigenschaften w\u00fcrden Sie ins Team mitbringen, die zu unseren Werten passen? Wir freuen uns, von Ihnen zu h\u00f6ren!<\/p><\/div>\n        <\/div>\n        <a target=\"_blank\" href=\"https:\/\/www.gesundheit-innergebirg.at\/karriere\/\" class=\"jobs-inquiry-btn\">\n            <div class=\"jobs-inquiry-btn-text btn-text\">Offene Stellen<\/div>\n            <svg xmlns=\"http:\/\/www.w3.org\/2000\/svg\" width=\"78.283\" height=\"22.824\" viewBox=\"0 0 78.283 22.824\">\n  <path id=\"Pfad_226\" data-name=\"Pfad 226\" d=\"M0,0H78\" transform=\"translate(0 11.412)\" fill=\"none\" stroke=\"#565f5f\" stroke-linecap=\"round\" stroke-width=\"1\"><\/path>\n  <path id=\"Pfad_227\" data-name=\"Pfad 227\" d=\"M16,0,0,11\" transform=\"translate(62 11.412)\" fill=\"none\" stroke=\"#565f5f\" stroke-linecap=\"round\" stroke-width=\"1\"><\/path>\n  <path id=\"Pfad_228\" data-name=\"Pfad 228\" d=\"M16,11,0,0\" transform=\"translate(62 0.412)\" fill=\"none\" stroke=\"#565f5f\" stroke-linecap=\"round\" stroke-width=\"1\"><\/path>\n<\/svg>\n        <\/a>\n    <\/div>\n<\/div><\/div>","protected":false},"excerpt":{"rendered":"","protected":false},"author":3,"featured_media":0,"parent":0,"menu_order":11,"comment_status":"closed","ping_status":"closed","template":"","meta":{"_acf_changed":false,"inline_featured_image":false,"job-start":"","job-location":"","footnotes":""},"class_list":["post-1744","page","type-page","status-publish","hentry"],"acf":{"photo_gallery":{"header-gallery":[[{"id":962,"title":"Karriere-Header-2","caption":"Privatklinik Ritzensee \u2695\ufe0f Spitzenmedizin im Salzburger Land","full_image_url":"https:\/\/www.privatklinik-ritzensee.at\/wp-content\/uploads\/2022\/02\/Karriere-Header-2.jpg","thumbnail_image_url":"https:\/\/www.privatklinik-ritzensee.at\/wp-content\/uploads\/2022\/02\/Karriere-Header-2-150x150.jpg","large_srcset":"https:\/\/www.privatklinik-ritzensee.at\/wp-content\/uploads\/2022\/02\/Karriere-Header-2-1024x432.jpg 1024w, https:\/\/www.privatklinik-ritzensee.at\/wp-content\/uploads\/2022\/02\/Karriere-Header-2-300x127.jpg 300w, https:\/\/www.privatklinik-ritzensee.at\/wp-content\/uploads\/2022\/02\/Karriere-Header-2-768x324.jpg 768w, https:\/\/www.privatklinik-ritzensee.at\/wp-content\/uploads\/2022\/02\/Karriere-Header-2-1536x648.jpg 1536w, https:\/\/www.privatklinik-ritzensee.at\/wp-content\/uploads\/2022\/02\/Karriere-Header-2.jpg 1920w","medium_srcset":"https:\/\/www.privatklinik-ritzensee.at\/wp-content\/uploads\/2022\/02\/Karriere-Header-2-300x127.jpg 300w, https:\/\/www.privatklinik-ritzensee.at\/wp-content\/uploads\/2022\/02\/Karriere-Header-2-1024x432.jpg 1024w, https:\/\/www.privatklinik-ritzensee.at\/wp-content\/uploads\/2022\/02\/Karriere-Header-2-768x324.jpg 768w, https:\/\/www.privatklinik-ritzensee.at\/wp-content\/uploads\/2022\/02\/Karriere-Header-2-1536x648.jpg 1536w, https:\/\/www.privatklinik-ritzensee.at\/wp-content\/uploads\/2022\/02\/Karriere-Header-2.jpg 1920w","media_details":{"width":1920,"height":810,"sizes":{"medium":{"file":"Karriere-Header-2-300x127.jpg","width":300,"height":127,"mime-type":"image\/jpeg","source_url":"https:\/\/www.privatklinik-ritzensee.at\/wp-content\/uploads\/2022\/02\/Karriere-Header-2-300x127.jpg"},"large":{"file":"Karriere-Header-2-1024x432.jpg","width":1024,"height":432,"mime-type":"image\/jpeg","source_url":"https:\/\/www.privatklinik-ritzensee.at\/wp-content\/uploads\/2022\/02\/Karriere-Header-2-1024x432.jpg"},"thumbnail":{"file":"Karriere-Header-2-150x150.jpg","width":150,"height":150,"mime-type":"image\/jpeg","source_url":"https:\/\/www.privatklinik-ritzensee.at\/wp-content\/uploads\/2022\/02\/Karriere-Header-2-150x150.jpg"},"medium_large":{"file":"Karriere-Header-2-768x324.jpg","width":768,"height":324,"mime-type":"image\/jpeg","source_url":"https:\/\/www.privatklinik-ritzensee.at\/wp-content\/uploads\/2022\/02\/Karriere-Header-2-768x324.jpg"},"1536x1536":{"file":"Karriere-Header-2-1536x648.jpg","width":1536,"height":648,"mime-type":"image\/jpeg","source_url":"https:\/\/www.privatklinik-ritzensee.at\/wp-content\/uploads\/2022\/02\/Karriere-Header-2-1536x648.jpg"}}},"alt_text":"Privatklinik Ritzensee \u2695\ufe0f Spitzenmedizin im Salzburger Land","url":"","target":""}]]}},"yoast_head":"<!-- This site is optimized with the Yoast SEO plugin v27.4 - https:\/\/yoast.com\/product\/yoast-seo-wordpress\/ -->\n<title>Die Privatklinik als Teil der \u201eGesundheit Innergebirg\u201c.<\/title>\n<meta name=\"description\" content=\"Die Privatklinik Ritzensee in Saalfelden gilt als wichtiger Bestandteil der \u201eGesundheit Innergebirg\u201c und ist beliebter Arbeitgeber im Pinzgau.\" \/>\n<meta name=\"robots\" content=\"index, follow, max-snippet:-1, max-image-preview:large, max-video-preview:-1\" \/>\n<link rel=\"canonical\" href=\"https:\/\/www.privatklinik-ritzensee.at\/en\/careers\/\" \/>\n<meta property=\"og:locale\" content=\"en_US\" \/>\n<meta property=\"og:type\" content=\"article\" \/>\n<meta property=\"og:title\" content=\"Die Privatklinik als Teil der \u201eGesundheit Innergebirg\u201c.\" \/>\n<meta property=\"og:description\" content=\"Die Privatklinik Ritzensee in Saalfelden gilt als wichtiger Bestandteil der \u201eGesundheit Innergebirg\u201c und ist beliebter Arbeitgeber im Pinzgau.\" \/>\n<meta property=\"og:url\" content=\"https:\/\/www.privatklinik-ritzensee.at\/en\/careers\/\" \/>\n<meta property=\"og:site_name\" content=\"Private Clinic Ritzensee\" \/>\n<meta property=\"article:modified_time\" content=\"2025-03-14T11:16:08+00:00\" \/>\n<meta name=\"twitter:card\" content=\"summary_large_image\" \/>\n<script type=\"application\/ld+json\" class=\"yoast-schema-graph\">{\"@context\":\"https:\\\/\\\/schema.org\",\"@graph\":[{\"@type\":\"WebPage\",\"@id\":\"https:\\\/\\\/www.privatklinik-ritzensee.at\\\/en\\\/careers\\\/\",\"url\":\"https:\\\/\\\/www.privatklinik-ritzensee.at\\\/en\\\/careers\\\/\",\"name\":\"Die Privatklinik als Teil der \u201eGesundheit Innergebirg\u201c.\",\"isPartOf\":{\"@id\":\"https:\\\/\\\/www.privatklinik-ritzensee.at\\\/en\\\/#website\"},\"datePublished\":\"2021-11-03T13:09:35+00:00\",\"dateModified\":\"2025-03-14T11:16:08+00:00\",\"description\":\"Die Privatklinik Ritzensee in Saalfelden gilt als wichtiger Bestandteil der \u201eGesundheit Innergebirg\u201c und ist beliebter Arbeitgeber im Pinzgau.\",\"breadcrumb\":{\"@id\":\"https:\\\/\\\/www.privatklinik-ritzensee.at\\\/en\\\/careers\\\/#breadcrumb\"},\"inLanguage\":\"en-US\",\"potentialAction\":[{\"@type\":\"ReadAction\",\"target\":[\"https:\\\/\\\/www.privatklinik-ritzensee.at\\\/en\\\/careers\\\/\"]}]},{\"@type\":\"BreadcrumbList\",\"@id\":\"https:\\\/\\\/www.privatklinik-ritzensee.at\\\/en\\\/careers\\\/#breadcrumb\",\"itemListElement\":[{\"@type\":\"ListItem\",\"position\":1,\"name\":\"Startseite\",\"item\":\"https:\\\/\\\/www.privatklinik-ritzensee.at\\\/en\\\/\"},{\"@type\":\"ListItem\",\"position\":2,\"name\":\"Careers\"}]},{\"@type\":\"WebSite\",\"@id\":\"https:\\\/\\\/www.privatklinik-ritzensee.at\\\/en\\\/#website\",\"url\":\"https:\\\/\\\/www.privatklinik-ritzensee.at\\\/en\\\/\",\"name\":\"Private Clinic Ritzensee\",\"description\":\"Top Medical Care in Salzburg Region \u2695\ufe0f\",\"potentialAction\":[{\"@type\":\"SearchAction\",\"target\":{\"@type\":\"EntryPoint\",\"urlTemplate\":\"https:\\\/\\\/www.privatklinik-ritzensee.at\\\/en\\\/?s={search_term_string}\"},\"query-input\":{\"@type\":\"PropertyValueSpecification\",\"valueRequired\":true,\"valueName\":\"search_term_string\"}}],\"inLanguage\":\"en-US\"}]}<\/script>\n<!-- \/ Yoast SEO plugin. -->","yoast_head_json":{"title":"Die Privatklinik als Teil der \u201eGesundheit Innergebirg\u201c.","description":"Die Privatklinik Ritzensee in Saalfelden gilt als wichtiger Bestandteil der \u201eGesundheit Innergebirg\u201c und ist beliebter Arbeitgeber im Pinzgau.","robots":{"index":"index","follow":"follow","max-snippet":"max-snippet:-1","max-image-preview":"max-image-preview:large","max-video-preview":"max-video-preview:-1"},"canonical":"https:\/\/www.privatklinik-ritzensee.at\/en\/careers\/","og_locale":"en_US","og_type":"article","og_title":"Die Privatklinik als Teil der \u201eGesundheit Innergebirg\u201c.","og_description":"Die Privatklinik Ritzensee in Saalfelden gilt als wichtiger Bestandteil der \u201eGesundheit Innergebirg\u201c und ist beliebter Arbeitgeber im Pinzgau.","og_url":"https:\/\/www.privatklinik-ritzensee.at\/en\/careers\/","og_site_name":"Private Clinic Ritzensee","article_modified_time":"2025-03-14T11:16:08+00:00","twitter_card":"summary_large_image","schema":{"@context":"https:\/\/schema.org","@graph":[{"@type":"WebPage","@id":"https:\/\/www.privatklinik-ritzensee.at\/en\/careers\/","url":"https:\/\/www.privatklinik-ritzensee.at\/en\/careers\/","name":"Die Privatklinik als Teil der \u201eGesundheit Innergebirg\u201c.","isPartOf":{"@id":"https:\/\/www.privatklinik-ritzensee.at\/en\/#website"},"datePublished":"2021-11-03T13:09:35+00:00","dateModified":"2025-03-14T11:16:08+00:00","description":"Die Privatklinik Ritzensee in Saalfelden gilt als wichtiger Bestandteil der \u201eGesundheit Innergebirg\u201c und ist beliebter Arbeitgeber im Pinzgau.","breadcrumb":{"@id":"https:\/\/www.privatklinik-ritzensee.at\/en\/careers\/#breadcrumb"},"inLanguage":"en-US","potentialAction":[{"@type":"ReadAction","target":["https:\/\/www.privatklinik-ritzensee.at\/en\/careers\/"]}]},{"@type":"BreadcrumbList","@id":"https:\/\/www.privatklinik-ritzensee.at\/en\/careers\/#breadcrumb","itemListElement":[{"@type":"ListItem","position":1,"name":"Startseite","item":"https:\/\/www.privatklinik-ritzensee.at\/en\/"},{"@type":"ListItem","position":2,"name":"Careers"}]},{"@type":"WebSite","@id":"https:\/\/www.privatklinik-ritzensee.at\/en\/#website","url":"https:\/\/www.privatklinik-ritzensee.at\/en\/","name":"Private Clinic Ritzensee","description":"Top Medical Care in Salzburg Region \u2695\ufe0f","potentialAction":[{"@type":"SearchAction","target":{"@type":"EntryPoint","urlTemplate":"https:\/\/www.privatklinik-ritzensee.at\/en\/?s={search_term_string}"},"query-input":{"@type":"PropertyValueSpecification","valueRequired":true,"valueName":"search_term_string"}}],"inLanguage":"en-US"}]}},"_links":{"self":[{"href":"https:\/\/www.privatklinik-ritzensee.at\/en\/wp-json\/wp\/v2\/pages\/1744","targetHints":{"allow":["GET"]}}],"collection":[{"href":"https:\/\/www.privatklinik-ritzensee.at\/en\/wp-json\/wp\/v2\/pages"}],"about":[{"href":"https:\/\/www.privatklinik-ritzensee.at\/en\/wp-json\/wp\/v2\/types\/page"}],"author":[{"embeddable":true,"href":"https:\/\/www.privatklinik-ritzensee.at\/en\/wp-json\/wp\/v2\/users\/3"}],"replies":[{"embeddable":true,"href":"https:\/\/www.privatklinik-ritzensee.at\/en\/wp-json\/wp\/v2\/comments?post=1744"}],"version-history":[{"count":0,"href":"https:\/\/www.privatklinik-ritzensee.at\/en\/wp-json\/wp\/v2\/pages\/1744\/revisions"}],"wp:attachment":[{"href":"https:\/\/www.privatklinik-ritzensee.at\/en\/wp-json\/wp\/v2\/media?parent=1744"}],"curies":[{"name":"wp","href":"https:\/\/api.w.org\/{rel}","templated":true}]}}